{"id":3899,"date":"2020-11-03T13:12:52","date_gmt":"2020-11-03T13:12:52","guid":{"rendered":"https:\/\/dday.at\/?page_id=24"},"modified":"2021-09-09T12:23:29","modified_gmt":"2021-09-09T10:23:29","slug":"agb","status":"publish","type":"page","link":"https:\/\/dday.at\/?page_id=3899","title":{"rendered":"AGB"},"content":{"rendered":"<p><div class=\"fusion-fullwidth fullwidth-box fusion-builder-row-1 fusion-flex-container nonhundred-percent-fullwidth non-hundred-percent-height-scrolling\" style=\"--awb-border-radius-top-left:0px;--awb-border-radius-top-right:0px;--awb-border-radius-bottom-right:0px;--awb-border-radius-bottom-left:0px;--awb-padding-top:120px;--awb-padding-bottom:120px;--awb-flex-wrap:wrap;\" ><div class=\"fusion-builder-row fusion-row fusion-flex-align-items-flex-start fusion-flex-content-wrap\" style=\"max-width:1248px;margin-left: calc(-4% \/ 2 );margin-right: calc(-4% \/ 2 );\"><div class=\"fusion-layout-column fusion_builder_column fusion-builder-column-0 fusion_builder_column_1_1 1_1 fusion-flex-column\" style=\"--awb-bg-size:cover;--awb-width-large:100%;--awb-margin-top-large:0px;--awb-spacing-right-large:1.92%;--awb-margin-bottom-large:20px;--awb-spacing-left-large:1.92%;--awb-width-medium:100%;--awb-order-medium:0;--awb-spacing-right-medium:1.92%;--awb-spacing-left-medium:1.92%;--awb-width-small:100%;--awb-order-small:0;--awb-spacing-right-small:1.92%;--awb-spacing-left-small:1.92%;\"><div class=\"fusion-column-wrapper fusion-column-has-shadow fusion-flex-justify-content-flex-start fusion-content-layout-column\"><div class=\"fusion-text fusion-text-1\"><ol>\n<li><strong>Allgemeines<br \/><\/strong>Alle Bestellungen im<b> DDay AB GmbH<\/b> <b>Onlineshop<\/b> werden ausschlie\u00dflich auf der Grundlage dieser allgemeinen Gesch\u00e4ftsbedingungen (AGB) durchgef\u00fchrt. Auftr\u00e4ge sind bindende Bestellungsantr\u00e4ge des Bestellers f\u00fcr den Abschluss eines Vertrages. Sie k\u00f6nnen im Online Shop, oder schriftlich per Post oder per E-Mail erteilt werden. Der Vertrag erlangt G\u00fcltigkeit, wenn der Auftrag bei <b>DDay AB GmbH Onlineshop<\/b> eingegangen ist und von uns angenommen wird. Mit dem Abschluss Ihrer Bestellung im Shop akzeptieren Sie unsere Versand- und Zahlungsbedingungen. Nachtr\u00e4glichen \u00c4nderungen sind von uns nur als akzeptiert anzusehen, wenn sie Ihnen von uns schriftlich best\u00e4tigt werden.<\/li>\n<li><strong>Preise<\/strong><br \/>Alle Produktpreise im Shop sind in Euro angegeben \u2013 inklusive der gesetzlichen Mehrwertsteuer. Die Versandkosten des Shops sind jeweils separat ausgewiesen und werden Ihnen am Ende der Bestellung, passend zu Ihrem Warenkorb (vor dem Bestellungsabschluss), angezeigt.<\/li>\n<li><strong>Gewichtsangaben und Zuschnitt<\/strong><br \/>Lebensmittel werden bei uns gem\u00e4\u00df Gewichtsangabe abgepackt. <strong>Unsere Speckarten (Speck, Trockenfleisch usw.) werden auch im Ganzen angeboten. Da die Fleischst\u00fccke <\/strong>an nat\u00fcrliche gewachsene Dimensionen gebunden sind, kann es in Ausnahmen vorkommen, dass wir das Zielgewicht gelegentlich mit geringen Abweichungen erreichen. Dies wird in <strong>weiterer Folge einfach auf das richtige Gewicht korrigiert.<\/strong> Wird das Bestellgewicht mit einem Schnitt nicht erreicht, wird <strong>anschlie\u00dfend ein kleines St\u00fcck separat dazugelegt<\/strong> oder wir \u00fcberliefern ein wenig ohne das Mehrkosten anfallen<strong>.<\/strong> Alle unsere Produkte werden geruchsdicht vakuumverpackt. Aufgrund der ansprechenden Optik bem\u00fchen wir uns aber stets, diese Gewichtsabweichungen bei einem St\u00fcck so gering wie m\u00f6glich zu halten.<\/li>\n<li><strong>Bestellung, Versand und Lieferung<\/strong><br \/>Um sinnlos teure, komplizierte und dem Umweltschutzgedanken entgegengesetzte Verpackungen zu vermeiden, werden die Bestellungen ausschliesslich am Dienstag (ausgenommen bei einem Feiertag) mit dem Paketdienst, Post usw. direkt versendet, damit sie noch vor dem Wochenende beim Kunden ankommen. Wir behalten uns wetterbedingte Lieferterminver\u00e4nderungen (extreme Hitzeperiode) vor und informieren Sie dar\u00fcber. F\u00fcr die Dienstagsauslieferung werden Bestellungseing\u00e4nge ber\u00fccksichtigt, welche bis am vorangehenden Sonntag bis 22:00 in Shop eingegangen und bezahlt sind. Gelegentliche Versandpausen (Urlaube) werden rechtzeitig Online unter <a href=\"http:\/\/www.alpenwild.shop\/\" rel=\"nofollow noopener\" target=\"_blank\">www.alpenwild.shop<\/a> bekannt gegeben. Wir liefern in alle im Shop verf\u00fcgbaren Lieferl\u00e4nder. F\u00fcr eine Auslandslieferung (au\u00dferhalb der EU) ist eine vorherige Anfrage zur Abstimmung an a.boden@dday.at notwendig. Die entstehenden Kosten f\u00fcr Versand und Einfuhrbestimmungen ins Nicht EU Land tr\u00e4gt der Besteller. Mit der Auftragserteilung verzichtet der Besteller auf eine Erkl\u00e4rung von Alpen Sepp \u00fcber die Annahme seines Auftrages. Der Vertrag zwischen Alpen Sepp und dem Besteller gilt sp\u00e4testens mit Annahme der von der DDay AB GmbH direkt gelieferten Ware als erf\u00fcllt.<\/li>\n<li><strong>Keine Zustellung an Packstationen<\/strong><br \/>Eine Lieferung der Bestellung an eine Packstation ist nicht m\u00f6glich. Wird die Bestellung dennoch mit Versandadresse einer Packstation aufgegeben, f\u00fchrt dies (sofern keine \u00c4nderung der Lieferanschrift vorgenommen wird) unweigerlich zur automatischen Nichtannahme und R\u00fccksendung zu Alpen Sepp. F\u00fcr die Aktualisierung der Versandadresse nutzt der Kunde das E-Mail vom Paketdienst mit erg\u00e4nzenden Informationen zur Paketzustellung (wir empfehlen auch den Spam Ordner nach diesem E-Mail zu pr\u00fcfen). Aufgrund des Paketinhalts \u201cLebensmittel dh. verderbliche G\u00fcter\u201d wird die Paketretoure entsorgt. Eine Erstattung des Kaufpreises bei automatischer Retoure aufgrund der Versandadresse Packstation ist grunds\u00e4tzlich ausgeschlossen.<\/li>\n<li><strong>Besteller und Empf\u00e4nger als Auftraggeber<br \/><\/strong>Bei Auftr\u00e4gen mit Lieferung an Dritte (z.B. als Geschenkempf\u00e4nger) gilt der Besteller als Auftraggeber. Erfolgt die Lieferung an Dritte zu deren Gunsten oder ist der Empf\u00e4nger der Lieferung durch die Inbesitznahme und weitere Verwendung der Lieferung in anderer Weise bereichert, so gelten Besteller und Empf\u00e4nger der Lieferung gemeinschaftlich als Auftraggeber. Mit der Erteilung eines solchen Auftrages versichert der Besteller stillschweigend, dass das Einverst\u00e4ndnis des Lieferungsempf\u00e4ngers hierf\u00fcr vorliegt.<\/li>\n<li><strong>Zahlungsarten und Geb\u00fchren<\/strong><br \/>Die Zahlung wird bei der Bestellung sofort f\u00e4llig. Die Zahlung ist mit den im Onlineshop verf\u00fcgbaren Zahlungsm\u00f6glichkeiten m\u00f6glich. Allf\u00e4llige, \u00fcbertriebene \u00dcberweisungsgeb\u00fchren die von unserem Konto abgebucht wurden, werden zu Lasten des Auftraggebers in Rechnung gestellt.<\/li>\n<li><strong>Zahlung per Rechnung und Finanzierung<br \/><\/strong>In Zusammenarbeit mit <span lang=\"EN-US\"><a href=\"https:\/\/tracking.cirrusinsight.com\/064f362c-5c3f-4844-8b07-ba29ef68fbc0\/klarna-de\" target=\"_blank\" rel=\"noopener nofollow\"><span lang=\"DE\">Klarna<\/span><\/a><\/span><span class=\"gmail-MsoHyperlink\"> AB (publ), <\/span>Sveav\u00e4gen 46, 111 34 Stockholm, Schweden, bieten wir Ihnen den Rechnungskauf und den Ratenkauf als Zahlungsoption an. Bitte beachten Sie, dass Kauf auf Rechnung und Ratenkauf nur f\u00fcr Verbraucher verf\u00fcgbar sind und dass die Zahlung jeweils an Klarna zu erfolgen hat.\n<ol>\n<li><strong>Rechnung<br \/><\/strong>Beim Kauf auf Rechnung mit Klarna bekommen Sie immer zuerst die Ware und Sie haben immer eine Zahlungsfrist von 14 Tagen. Die vollst\u00e4ndigen AGB zum Rechnungskauf f\u00fcr Lieferungen nach Deutschland finden Sie <span lang=\"EN-US\"><a href=\"https:\/\/tracking.cirrusinsight.com\/064f362c-5c3f-4844-8b07-ba29ef68fbc0\/cdn-klarna-com-1-0-shared-content-legal-terms-k502318-de-de-invoice\" target=\"_blank\" rel=\"noopener noreferrer nofollow\"><span lang=\"DE\">hier<\/span><\/a><\/span> <span class=\"gmail-MsoHyperlink\">und die vollst\u00e4ndigen AGB zum Rechnungskauf f\u00fcr Lieferungen nach \u00d6sterreich finden Sie<\/span> <span lang=\"EN-US\"><a href=\"https:\/\/tracking.cirrusinsight.com\/064f362c-5c3f-4844-8b07-ba29ef68fbc0\/cdn-klarna-com-1-0-shared-content-legal-terms-k502318-de-at-invoice\" target=\"_blank\" rel=\"noopener noreferrer nofollow\"><span lang=\"DE\">hier<\/span><\/a><\/span>. Der Onlineshop erhebt beim Rechnungskauf mit Klarna eine Geb\u00fchr von 0,00 Euro pro Bestellung.<\/li>\n<li><strong>Ratenkauf<br \/><\/strong>Mit dem Finanzierungsservice von Klarna k\u00f6nnen Sie Ihren Einkauf flexibel in monatlichen Raten von mindestens 1\/24 des Gesamtbetrages (mindestens jedoch 6,95 \u20ac) oder unter den sonst in der Kasse angegebenen Bedingungen bezahlen. Weitere Informationen zum Ratenkauf einschlie\u00dflich der Allgemeinen Gesch\u00e4ftsbedingungen und der europ\u00e4ischen Standardinformationen f\u00fcr Verbraucherkredite finden Sie <span lang=\"EN-US\"><a href=\"https:\/\/tracking.cirrusinsight.com\/064f362c-5c3f-4844-8b07-ba29ef68fbc0\/cdn-klarna-com-1-0-shared-content-legal-terms-k502318-de-de-account\" target=\"_blank\" rel=\"noopener noreferrer nofollow\"><span lang=\"DE\">hier<\/span><\/a><\/span>. Ratenkauf wird nur f\u00fcr Deutschland angeboten.<\/li>\n<li><strong>Datenschutzhinweis<br \/><\/strong>Klarna pr\u00fcft und bewertet Ihre Datenangaben und pflegt bei berechtigtem Interesse und Anlass einen Datenaustausch mit anderen Unternehmen und Wirtschaftsauskunfteien. Ihre Personenangaben werden in \u00dcbereinstimmung mit den geltenden Datenschutzbestimmungen und entsprechend den Angaben in Klarnas Datenschutzbestimmungen f\u00fcr <span lang=\"EN-US\"><a href=\"https:\/\/tracking.cirrusinsight.com\/064f362c-5c3f-4844-8b07-ba29ef68fbc0\/cdn-klarna-com-1-0-shared-content-policy-data-de-de-data-protection-pdf\" target=\"_blank\" rel=\"noopener noreferrer nofollow\"><span lang=\"DE\">Deutschland<\/span><\/a><\/span> \/ <span lang=\"EN-US\"><a href=\"https:\/\/tracking.cirrusinsight.com\/064f362c-5c3f-4844-8b07-ba29ef68fbc0\/klarna-com-at-datenschutz\" target=\"_blank\" rel=\"noopener noreferrer nofollow\"><span lang=\"DE\">\u00d6sterreich<\/span><\/a><\/span> behandelt.<\/li>\n<\/ol>\n<\/li>\n<li><strong>Eigentumsvorbehalt<\/strong><br \/>Die Ware bleibt bis zur vollst\u00e4ndigen Bezahlung Eigentum der <b>DDay AB GmbH<\/b>.<\/li>\n<li><strong>Erf\u00fcllungsort\/Gerichtsstand<\/strong><br \/>F\u00fcr alle sich ergebenden Rechte und Pflichten ist f\u00fcr alle beteiligen Parteien der Gerichtsstand in Landesgericht Feldkirch, \u00d6sterreich, sofern nicht zwingende gesetzliche Bestimmungen etwas anderes festlegen, zust\u00e4ndig. Es gilt \u00f6sterreichisches Recht unter Ausschluss des UN-Kaufrechts.<\/li>\n<li><strong>Beanstandungen<\/strong><br \/>Offene M\u00e4ngel und Transportsch\u00e4den m\u00fcssen der DDay GmbH sofort bei Waren\u00fcbernahme nach Erhalt der Lieferung schriftlich unter a.boden@dday.at mitgeteilt werden. Sp\u00e4tere Reklamationen k\u00f6nnen nicht mehr ber\u00fccksichtigt werden.<\/li>\n<li><strong>Widerrufsbelehrung<\/strong><br \/>Der Besteller kann seine Vertragserkl\u00e4rung innerhalb von vierzehn (14) Werktagen ohne Angabe von Gr\u00fcnden in Textform oder durch R\u00fccksendung der Waren widerrufen. Dies gilt nicht f\u00fcr Waren, die aufgrund ihrer Beschaffenheit (z.B. Lebensmittel) nicht f\u00fcr eine R\u00fccksendung geeignet sind, da sie schnell verderben k\u00f6nnen bzw. deren Verfallsdatum \u00fcberschritten w\u00fcrde. Die Frist beginnt mit Erhalt dieser Belehrung (mit der Best\u00e4tigung, die diese AGB gelesen und akzeptiert zu haben). Zur Wahrung der Widerrufsfrist gen\u00fcgt die rechtzeitige Absendung des Widerrufs oder der Waren.<\/li>\n<li><strong>Datenschutz<\/strong><br \/>Datenschutz nehmen wir sehr ernst und ist uns bei DDay GmbH sehr wichtig. S\u00e4mtliche auf unserer Website erhobenen, pers\u00f6nlichen Daten werden ausschlie\u00dflich zu Ihrer individuellen Betreuung im Zuge der Bestellabwicklung und der \u00dcbersendung von Informationen (insbesondere DDay Newsletter) gespeichert und verarbeitet. Wir sichern Ihnen zu, dass Ihre Angaben entsprechend den geltenden datenschutzrechtlichen Bestimmungen vertraulich behandelt werden und schlie\u00dfen die Weitergabe an Dritte aus. Es gilt unsere <a title=\"Datenschutz\" href=\"https:\/\/alpenwild.shop\/datenschutz\" rel=\"nofollow noopener\" target=\"_blank\">Datenschutzerkl\u00e4rung<\/a>.<\/li>\n<li><strong style=\"background-color: rgba(255, 255, 255, 0); color: var(--body_typography-color); font-family: var(--body_typography-font-family); font-size: var(--body_typography-font-size); font-style: var(--body_typography-font-style,normal); letter-spacing: var(--body_typography-letter-spacing);\">Haftungsausschluss <\/strong>DDay GmbH verweist bei Bedarf mit Links zu anderen Seiten im Internet. F\u00fcr alle Verlinkungen gilt, dass wir keinerlei Einfluss auf die Gestaltung und die Inhalte der verlinkten Seiten haben. Deshalb distanzieren wir uns hiermit ausdr\u00fccklich von allen Inhalten aller verlinkten Seiten Dritter und machen uns diese Inhalte nicht zu Eigen. Diese Erkl\u00e4rung gilt f\u00fcr alle angezeigten Links und f\u00fcr alle Inhalte der Seiten, zu denen Links f\u00fchren.<\/li>\n<li><strong>Bildrechte<\/strong><br \/>Alle Bildrechte von Abbildungen im Shop liegen bei der DDay GmbH. Eine Verwendung ohne unsere ausdr\u00fcckliche Zustimmung ist nicht gestattet.<\/li>\n<li><strong>Salvatorische Klausel<\/strong><br \/>Durch etwaige Unwirksamkeit einer oder mehrerer Bestimmungen dieser AGB wird die Wirksamkeit der \u00fcbrigen Bestimmungen nicht ber\u00fchrt. In allen F\u00e4llen der Unwirksamkeit dieser AGB gilt, dass eine unwirksame Bestimmung stets durch eine solche zu ersetzen, die dem wirtschaftlichen Sinn der unwirksamen am n\u00e4chsten kommt.<\/li>\n<\/ol>\n<\/div><\/div><\/div><\/div><\/div><br \/>\n[gzd_complaints]<\/p>\n","protected":false},"excerpt":{"rendered":"<p>[gzd_complaints]<\/p>\n","protected":false},"author":1,"featured_media":0,"parent":0,"menu_order":0,"comment_status":"closed","ping_status":"closed","template":"100-width.php","meta":{"footnotes":""},"class_list":["post-3899","page","type-page","status-publish","hentry"],"_links":{"self":[{"href":"https:\/\/dday.at\/index.php?rest_route=\/wp\/v2\/pages\/3899","targetHints":{"allow":["GET"]}}],"collection":[{"href":"https:\/\/dday.at\/index.php?rest_route=\/wp\/v2\/pages"}],"about":[{"href":"https:\/\/dday.at\/index.php?rest_route=\/wp\/v2\/types\/page"}],"author":[{"embeddable":true,"href":"https:\/\/dday.at\/index.php?rest_route=\/wp\/v2\/users\/1"}],"replies":[{"embeddable":true,"href":"https:\/\/dday.at\/index.php?rest_route=%2Fwp%2Fv2%2Fcomments&post=3899"}],"version-history":[{"count":0,"href":"https:\/\/dday.at\/index.php?rest_route=\/wp\/v2\/pages\/3899\/revisions"}],"wp:attachment":[{"href":"https:\/\/dday.at\/index.php?rest_route=%2Fwp%2Fv2%2Fmedia&parent=3899"}],"curies":[{"name":"wp","href":"https:\/\/api.w.org\/{rel}","templated":true}]}}